{"id":8228,"date":"2023-01-31T06:00:36","date_gmt":"2023-01-31T06:00:36","guid":{"rendered":"http:\/\/localhost\/delivcate\/?page_id=8228"},"modified":"2026-03-05T12:09:47","modified_gmt":"2026-03-05T12:09:47","slug":"artigos","status":"publish","type":"page","link":"https:\/\/vkadvocacia.com.br\/?page_id=8228","title":{"rendered":"Artigos"},"content":{"rendered":"\t\t<div data-elementor-type=\"wp-page\" data-elementor-id=\"8228\" class=\"elementor elementor-8228\">\n\t\t\t\t<div class=\"elementor-element elementor-element-d1f8ff5 e-flex e-con-boxed e-con e-parent\" data-id=\"d1f8ff5\" data-element_type=\"container\">\n\t\t\t\t\t<div class=\"e-con-inner\">\n\t\t\t\t\t<\/div>\n\t\t\t\t<\/div>\n\t\t<div class=\"elementor-element elementor-element-ade8f7d e-flex e-con-boxed e-con e-parent\" data-id=\"ade8f7d\" data-element_type=\"container\">\n\t\t\t\t\t<div class=\"e-con-inner\">\n\t\t\t\t<div class=\"elementor-element elementor-element-d973c2b elementor-widget elementor-widget-witr_blog_section\" data-id=\"d973c2b\" data-element_type=\"widget\" data-widget_type=\"witr_blog_section.default\">\n\t\t\t\t<div class=\"elementor-widget-container\">\n\t\t\t\t\t <div class=\" bgimgload\">\t\r\n\t\t\t\t\t<div class=\"row blog-messonary\">\r\n\t\t\t\t\t\t\r\n\t\t\t\t\t\t\t<div class=\"witr_nth_child col-lg-6  col-md-6 col-sm-12 grid-item   witr_all_mb_30\">\r\n\t\t\t\t\t\t\t\t<div class=\"blog-part all_blog_color\">\r\n\t\t\t\t\t\t\t\t\t<div class=\"blog_part_inner\">\r\n\t\t\t\t\t\t\t\t\t\t<div class=\"witr_blog_imags\">\r\n\t\t\t\t\t\t\t\t\t\t\t<!-- image -->\r\n\t\t\t\t\t\t\t\t\t\t\t\t\t\t\t\t\t\t\t\t\t\t\t<div class=\"blog-img\">\r\n\t\t\t\t\t\t\t\t\t\t\t\t\t<a href=\"https:\/\/vkadvocacia.com.br\/?p=18571\"> <img fetchpriority=\"high\" decoding=\"async\" width=\"390\" height=\"250\" src=\"https:\/\/vkadvocacia.com.br\/wp-content\/uploads\/2026\/04\/multas-fiscais-da-pessoa-fisica-efeitos-das-decisoes-do-stf-390x250.jpg\" class=\"attachment-gogrin-blog-default size-gogrin-blog-default wp-post-image\" alt=\"\" \/> <\/a>\r\n\t\t\t\t\t\t\t\t\t\t\t\t<\/div>\r\n\t\t\t\t\t\t\t\t\t\t\t\t\t\t\t\t\t\t\t\t\t<\/div>\r\n\t\t\t\t\t\t\t\t\t\t<div class=\"wblog-content blog-content-2 all_blog_color\">\r\n\t\t\t\t\t\t\t\t\t\t<!--  post meta -->\r\n\t\t\t\t\t\t\t\t\t\t\t\t\t\t\t\t\t\t\t\t\t\r\n\t\t\t\t\t\t\t\t\t\t\t\t\t\t\t\t\t\t\t\t\t\t\t\t\t\t\t<span><a href=\"https:\/\/vkadvocacia.com.br\/?author=1\"><i class=\"icofont-user-male\"><\/i> Equipe VK <\/a><\/span>\r\n\t\t\t\t\t\t\t\t\t\t\t\t\t\t\t\t\t\t\t\t\t\t\t\t\t\t\t\t\t\t\t\t\t\t\t\t\t\t\t\t\t\t\t\t\t\t\t\t\t\t\t\t\r\n\t\t\t\t\t\t\t\t\t\t\t\t\t\t\t\t\t\t\t\t\t\t\r\n\t\t\t\t\t\t\t\t\t\t\t\t\t\t\t\t\t\t\t\t\t\t\t\t\t\t\t\t\t\t\t\t\t\t\t\t\t\t\t\t<span><a href=\"#\"><i class=\"icofont-ui-clock\"><\/i><\/a> 28 abr 2026<\/span>\r\n\t\t\t\t\t\t\t\t\t\t\t\t\t\t\t\t\t\t\t\t\t\t\t\t\t\t\t\t\t\t\t\t\t\t\t\t\t\t\t\r\n\t\t\t\t\t\t\t\t\t\t\t\t\t\t\t\t\t\t\t\r\n\t\t\t\t\t\t\t\t\t\t\t<!-- title -->\r\n\t\t\t\t\t\t\t\t\t\t\t<h5>\r\n\t\t\t\t\t\t\t\t\t\t\t\t<a href=\"https:\/\/vkadvocacia.com.br\/?p=18571\">\r\n\t\t\t\t\t\t\t\t\t\t\t\t\tMultas Tribut\u00e1rias e a Jurisprud\u00eancia do STF\t\t\t\t\t\t\t\t\t\t\t\t<\/a>\r\n\t\t\t\t\t\t\t\t\t\t\t<\/h5>\r\n\t\t\t\t\t\t\t\t\t\t\t<!-- content -->\r\n\t\t\t\t\t\t\t\t\t\t\t\t\t\t\t\t\t\t\t\t\t\t\t<p>As multas tribut\u00e1rias s\u00e3o instrumentos que comp\u00f5e o cumprimento das obriga\u00e7\u00f5es fiscais, por\u00e9m, sua aplica\u00e7\u00e3o<\/p>\t\t\t\t\t\t\t\t\t\t\t\t\t\t\t\t\t\t\t\t\t\t\r\n\t\t\t\t\t\t\t\t\t\t\t\t\t\t\t\t\t\t\t\t\t\t\t  <a class=\"btn2\" href=\"https:\/\/vkadvocacia.com.br\/?p=18571\">Leia mais<\/a>\r\n\t\t\t\t\t\t\t\t\t\t\t\t\t\t\t\t\t\t\t\t\t  \r\n\t\t\t\t\t\t\t\t\t\t<\/div>\r\n\t\t\t\t\t\t\t\t\t<\/div>\r\n\t\t\t\t\t\t\t\t<\/div><!-- blog part -->\r\n\t\t\t\t\t\t\t<\/div>\r\n\t\t\t\t\t\t\r\n\t\t\t\t\t\t\t<div class=\"witr_nth_child col-lg-6  col-md-6 col-sm-12 grid-item   witr_all_mb_30\">\r\n\t\t\t\t\t\t\t\t<div class=\"blog-part all_blog_color\">\r\n\t\t\t\t\t\t\t\t\t<div class=\"blog_part_inner\">\r\n\t\t\t\t\t\t\t\t\t\t<div class=\"witr_blog_imags\">\r\n\t\t\t\t\t\t\t\t\t\t\t<!-- image -->\r\n\t\t\t\t\t\t\t\t\t\t\t\t\t\t\t\t\t\t\t\t\t\t\t<div class=\"blog-img\">\r\n\t\t\t\t\t\t\t\t\t\t\t\t\t<a href=\"https:\/\/vkadvocacia.com.br\/?p=11973\"> <img decoding=\"async\" width=\"390\" height=\"250\" src=\"https:\/\/vkadvocacia.com.br\/wp-content\/uploads\/2023\/02\/GettyImages-1273205810-390x250.webp\" class=\"attachment-gogrin-blog-default size-gogrin-blog-default wp-post-image\" alt=\"\" \/> <\/a>\r\n\t\t\t\t\t\t\t\t\t\t\t\t<\/div>\r\n\t\t\t\t\t\t\t\t\t\t\t\t\t\t\t\t\t\t\t\t\t<\/div>\r\n\t\t\t\t\t\t\t\t\t\t<div class=\"wblog-content blog-content-2 all_blog_color\">\r\n\t\t\t\t\t\t\t\t\t\t<!--  post meta -->\r\n\t\t\t\t\t\t\t\t\t\t\t\t\t\t\t\t\t\t\t\t\t\r\n\t\t\t\t\t\t\t\t\t\t\t\t\t\t\t\t\t\t\t\t\t\t\t\t\t\t\t<span><a href=\"https:\/\/vkadvocacia.com.br\/?author=1\"><i class=\"icofont-user-male\"><\/i> Equipe VK <\/a><\/span>\r\n\t\t\t\t\t\t\t\t\t\t\t\t\t\t\t\t\t\t\t\t\t\t\t\t\t\t\t\t\t\t\t\t\t\t\t\t\t\t\t\t\t\t\t\t\t\t\t\t\t\t\t\t\r\n\t\t\t\t\t\t\t\t\t\t\t\t\t\t\t\t\t\t\t\t\t\t\r\n\t\t\t\t\t\t\t\t\t\t\t\t\t\t\t\t\t\t\t\t\t\t\t\t\t\t\t\t\t\t\t\t\t\t\t\t\t\t\t\t<span><a href=\"#\"><i class=\"icofont-ui-clock\"><\/i><\/a> 13 fev 2023<\/span>\r\n\t\t\t\t\t\t\t\t\t\t\t\t\t\t\t\t\t\t\t\t\t\t\t\t\t\t\t\t\t\t\t\t\t\t\t\t\t\t\t\r\n\t\t\t\t\t\t\t\t\t\t\t\t\t\t\t\t\t\t\t\r\n\t\t\t\t\t\t\t\t\t\t\t<!-- title -->\r\n\t\t\t\t\t\t\t\t\t\t\t<h5>\r\n\t\t\t\t\t\t\t\t\t\t\t\t<a href=\"https:\/\/vkadvocacia.com.br\/?p=11973\">\r\n\t\t\t\t\t\t\t\t\t\t\t\t\tO que foi alterado com o decreto n\u00b0 12.466 de 22 de maio de 2025\t\t\t\t\t\t\t\t\t\t\t\t<\/a>\r\n\t\t\t\t\t\t\t\t\t\t\t<\/h5>\r\n\t\t\t\t\t\t\t\t\t\t\t<!-- content -->\r\n\t\t\t\t\t\t\t\t\t\t\t\t\t\t\t\t\t\t\t\t\t\t\t<p>O Governo Federal, por meio do Decreto n\u00ba 12.466, de 22 de maio de 2025,<\/p>\t\t\t\t\t\t\t\t\t\t\t\t\t\t\t\t\t\t\t\t\t\t\r\n\t\t\t\t\t\t\t\t\t\t\t\t\t\t\t\t\t\t\t\t\t\t\t  <a class=\"btn2\" href=\"https:\/\/vkadvocacia.com.br\/?p=11973\">Leia mais<\/a>\r\n\t\t\t\t\t\t\t\t\t\t\t\t\t\t\t\t\t\t\t\t\t  \r\n\t\t\t\t\t\t\t\t\t\t<\/div>\r\n\t\t\t\t\t\t\t\t\t<\/div>\r\n\t\t\t\t\t\t\t\t<\/div><!-- blog part -->\r\n\t\t\t\t\t\t\t<\/div>\r\n\t\t\t\t\t\t\t\t\t\t\t<\/div>\r\n                <\/div>\t\t\t\t<\/div>\n\t\t\t\t<\/div>\n\t\t\t\t\t<\/div>\n\t\t\t\t<\/div>\n\t\t\t\t<\/div>\n\t\t","protected":false},"excerpt":{"rendered":"<p>Equipe VK 13 fev 2023 STJ tem recorde de repetitivos tribut\u00e1rios em 2025; maioria \u00e9 pr\u00f3-contribuinte Lorem ipsum dolor sit amet, consectetur adipiscing elit. Aliquam malesuada, sem quis tincidunt luctus, ex Leia mais Equipe VK 13 fev 2023 SDC debate validade de cl\u00e1usula sobre jornada de turno ininterrupto de revezamento Lorem ipsum dolor sit amet, [&hellip;]<\/p>\n","protected":false},"author":1,"featured_media":0,"parent":0,"menu_order":0,"comment_status":"closed","ping_status":"closed","template":"template-blog-right-2column.php","meta":{"footnotes":""},"class_list":["post-8228","page","type-page","status-publish","hentry"],"_links":{"self":[{"href":"https:\/\/vkadvocacia.com.br\/index.php?rest_route=\/wp\/v2\/pages\/8228","targetHints":{"allow":["GET"]}}],"collection":[{"href":"https:\/\/vkadvocacia.com.br\/index.php?rest_route=\/wp\/v2\/pages"}],"about":[{"href":"https:\/\/vkadvocacia.com.br\/index.php?rest_route=\/wp\/v2\/types\/page"}],"author":[{"embeddable":true,"href":"https:\/\/vkadvocacia.com.br\/index.php?rest_route=\/wp\/v2\/users\/1"}],"replies":[{"embeddable":true,"href":"https:\/\/vkadvocacia.com.br\/index.php?rest_route=%2Fwp%2Fv2%2Fcomments&post=8228"}],"version-history":[{"count":11,"href":"https:\/\/vkadvocacia.com.br\/index.php?rest_route=\/wp\/v2\/pages\/8228\/revisions"}],"predecessor-version":[{"id":18217,"href":"https:\/\/vkadvocacia.com.br\/index.php?rest_route=\/wp\/v2\/pages\/8228\/revisions\/18217"}],"wp:attachment":[{"href":"https:\/\/vkadvocacia.com.br\/index.php?rest_route=%2Fwp%2Fv2%2Fmedia&parent=8228"}],"curies":[{"name":"wp","href":"https:\/\/api.w.org\/{rel}","templated":true}]}}